{"id":510,"date":"2025-07-27T11:00:29","date_gmt":"2025-07-27T15:00:29","guid":{"rendered":"https:\/\/chaletsrefuges.com\/?page_id=510"},"modified":"2025-07-27T11:07:03","modified_gmt":"2025-07-27T15:07:03","slug":"le-canadien","status":"publish","type":"page","link":"https:\/\/chaletsrefuges.com\/index.php\/le-canadien\/","title":{"rendered":"le canadien"},"content":{"rendered":"\n<h2 class=\"wp-block-heading has-text-align-center\"><a href=\"https:\/\/reservotron.com\/les-chalets-du-jolimont\/lodgings\/2796\">R\u00c9SERVEZ LE CANADIEN<\/a><\/h2>\n\n\n\n<figure class=\"wp-block-image size-large\"><img loading=\"lazy\" decoding=\"async\" width=\"1024\" height=\"768\" src=\"https:\/\/chaletsrefuges.com\/wp-content\/uploads\/2025\/07\/Canadien5-1024x768.jpg\" alt=\"\" class=\"wp-image-236\" srcset=\"https:\/\/chaletsrefuges.com\/wp-content\/uploads\/2025\/07\/Canadien5-1024x768.jpg 1024w, https:\/\/chaletsrefuges.com\/wp-content\/uploads\/2025\/07\/Canadien5-300x225.jpg 300w, https:\/\/chaletsrefuges.com\/wp-content\/uploads\/2025\/07\/Canadien5-150x113.jpg 150w, https:\/\/chaletsrefuges.com\/wp-content\/uploads\/2025\/07\/Canadien5-768x576.jpg 768w, https:\/\/chaletsrefuges.com\/wp-content\/uploads\/2025\/07\/Canadien5-1536x1152.jpg 1536w, https:\/\/chaletsrefuges.com\/wp-content\/uploads\/2025\/07\/Canadien5-676x507.jpg 676w, https:\/\/chaletsrefuges.com\/wp-content\/uploads\/2025\/07\/Canadien5.jpg 2000w\" sizes=\"auto, (max-width: 1024px) 100vw, 1024px\" \/><\/figure>\n\n\n\n<figure class=\"wp-block-gallery has-nested-images columns-default is-cropped wp-block-gallery-1 is-layout-flex wp-block-gallery-is-layout-flex\">\n<figure class=\"wp-block-image size-large\"><img loading=\"lazy\" decoding=\"async\" width=\"1024\" height=\"768\" data-id=\"239\" src=\"https:\/\/chaletsrefuges.com\/wp-content\/uploads\/2025\/07\/fav_photo_canadien_int_sejour2-1024x768.jpg\" alt=\"\" class=\"wp-image-239\" srcset=\"https:\/\/chaletsrefuges.com\/wp-content\/uploads\/2025\/07\/fav_photo_canadien_int_sejour2-1024x768.jpg 1024w, https:\/\/chaletsrefuges.com\/wp-content\/uploads\/2025\/07\/fav_photo_canadien_int_sejour2-300x225.jpg 300w, https:\/\/chaletsrefuges.com\/wp-content\/uploads\/2025\/07\/fav_photo_canadien_int_sejour2-150x113.jpg 150w, https:\/\/chaletsrefuges.com\/wp-content\/uploads\/2025\/07\/fav_photo_canadien_int_sejour2-768x576.jpg 768w, https:\/\/chaletsrefuges.com\/wp-content\/uploads\/2025\/07\/fav_photo_canadien_int_sejour2-1536x1152.jpg 1536w, https:\/\/chaletsrefuges.com\/wp-content\/uploads\/2025\/07\/fav_photo_canadien_int_sejour2-676x507.jpg 676w, https:\/\/chaletsrefuges.com\/wp-content\/uploads\/2025\/07\/fav_photo_canadien_int_sejour2.jpg 2000w\" sizes=\"auto, (max-width: 1024px) 100vw, 1024px\" \/><\/figure>\n\n\n\n<figure class=\"wp-block-image size-large\"><img loading=\"lazy\" decoding=\"async\" width=\"1024\" height=\"743\" data-id=\"240\" src=\"https:\/\/chaletsrefuges.com\/wp-content\/uploads\/2025\/07\/fav_photo_canadien_int_sejour5-1024x743.jpg\" alt=\"\" class=\"wp-image-240\" srcset=\"https:\/\/chaletsrefuges.com\/wp-content\/uploads\/2025\/07\/fav_photo_canadien_int_sejour5-1024x743.jpg 1024w, https:\/\/chaletsrefuges.com\/wp-content\/uploads\/2025\/07\/fav_photo_canadien_int_sejour5-300x218.jpg 300w, https:\/\/chaletsrefuges.com\/wp-content\/uploads\/2025\/07\/fav_photo_canadien_int_sejour5-150x109.jpg 150w, https:\/\/chaletsrefuges.com\/wp-content\/uploads\/2025\/07\/fav_photo_canadien_int_sejour5-768x557.jpg 768w, https:\/\/chaletsrefuges.com\/wp-content\/uploads\/2025\/07\/fav_photo_canadien_int_sejour5-1536x1114.jpg 1536w, https:\/\/chaletsrefuges.com\/wp-content\/uploads\/2025\/07\/fav_photo_canadien_int_sejour5-676x490.jpg 676w, https:\/\/chaletsrefuges.com\/wp-content\/uploads\/2025\/07\/fav_photo_canadien_int_sejour5.jpg 2000w\" sizes=\"auto, (max-width: 1024px) 100vw, 1024px\" \/><\/figure>\n\n\n\n<figure class=\"wp-block-image size-large\"><img loading=\"lazy\" decoding=\"async\" width=\"1024\" height=\"768\" data-id=\"234\" src=\"https:\/\/chaletsrefuges.com\/wp-content\/uploads\/2025\/07\/IMG_1623-1024x768.jpg\" alt=\"\" class=\"wp-image-234\" srcset=\"https:\/\/chaletsrefuges.com\/wp-content\/uploads\/2025\/07\/IMG_1623-1024x768.jpg 1024w, https:\/\/chaletsrefuges.com\/wp-content\/uploads\/2025\/07\/IMG_1623-300x225.jpg 300w, https:\/\/chaletsrefuges.com\/wp-content\/uploads\/2025\/07\/IMG_1623-150x113.jpg 150w, https:\/\/chaletsrefuges.com\/wp-content\/uploads\/2025\/07\/IMG_1623-768x576.jpg 768w, https:\/\/chaletsrefuges.com\/wp-content\/uploads\/2025\/07\/IMG_1623-1536x1152.jpg 1536w, https:\/\/chaletsrefuges.com\/wp-content\/uploads\/2025\/07\/IMG_1623-676x507.jpg 676w, https:\/\/chaletsrefuges.com\/wp-content\/uploads\/2025\/07\/IMG_1623.jpg 2000w\" sizes=\"auto, (max-width: 1024px) 100vw, 1024px\" \/><\/figure>\n\n\n\n<figure class=\"wp-block-image size-large\"><img loading=\"lazy\" decoding=\"async\" width=\"1024\" height=\"810\" data-id=\"235\" src=\"https:\/\/chaletsrefuges.com\/wp-content\/uploads\/2025\/07\/IMG_1637-1024x810.jpg\" alt=\"\" class=\"wp-image-235\" srcset=\"https:\/\/chaletsrefuges.com\/wp-content\/uploads\/2025\/07\/IMG_1637-1024x810.jpg 1024w, https:\/\/chaletsrefuges.com\/wp-content\/uploads\/2025\/07\/IMG_1637-300x237.jpg 300w, https:\/\/chaletsrefuges.com\/wp-content\/uploads\/2025\/07\/IMG_1637-150x119.jpg 150w, https:\/\/chaletsrefuges.com\/wp-content\/uploads\/2025\/07\/IMG_1637-768x608.jpg 768w, https:\/\/chaletsrefuges.com\/wp-content\/uploads\/2025\/07\/IMG_1637-1536x1216.jpg 1536w, https:\/\/chaletsrefuges.com\/wp-content\/uploads\/2025\/07\/IMG_1637-676x535.jpg 676w, https:\/\/chaletsrefuges.com\/wp-content\/uploads\/2025\/07\/IMG_1637.jpg 2000w\" sizes=\"auto, (max-width: 1024px) 100vw, 1024px\" \/><\/figure>\n\n\n\n<figure class=\"wp-block-image size-large\"><img loading=\"lazy\" decoding=\"async\" width=\"1024\" height=\"768\" data-id=\"237\" src=\"https:\/\/chaletsrefuges.com\/wp-content\/uploads\/2025\/07\/IMG_1640-1024x768.jpg\" alt=\"\" class=\"wp-image-237\" srcset=\"https:\/\/chaletsrefuges.com\/wp-content\/uploads\/2025\/07\/IMG_1640-1024x768.jpg 1024w, https:\/\/chaletsrefuges.com\/wp-content\/uploads\/2025\/07\/IMG_1640-300x225.jpg 300w, https:\/\/chaletsrefuges.com\/wp-content\/uploads\/2025\/07\/IMG_1640-150x113.jpg 150w, https:\/\/chaletsrefuges.com\/wp-content\/uploads\/2025\/07\/IMG_1640-768x576.jpg 768w, https:\/\/chaletsrefuges.com\/wp-content\/uploads\/2025\/07\/IMG_1640-1536x1152.jpg 1536w, https:\/\/chaletsrefuges.com\/wp-content\/uploads\/2025\/07\/IMG_1640-676x507.jpg 676w, https:\/\/chaletsrefuges.com\/wp-content\/uploads\/2025\/07\/IMG_1640.jpg 2000w\" sizes=\"auto, (max-width: 1024px) 100vw, 1024px\" \/><\/figure>\n<\/figure>\n\n\n\n<figure class=\"wp-block-image size-large\"><img loading=\"lazy\" decoding=\"async\" width=\"1024\" height=\"768\" src=\"https:\/\/chaletsrefuges.com\/wp-content\/uploads\/2025\/07\/fav_photo_canadien_int_sejour1-1024x768.jpg\" alt=\"\" class=\"wp-image-238\" srcset=\"https:\/\/chaletsrefuges.com\/wp-content\/uploads\/2025\/07\/fav_photo_canadien_int_sejour1-1024x768.jpg 1024w, https:\/\/chaletsrefuges.com\/wp-content\/uploads\/2025\/07\/fav_photo_canadien_int_sejour1-300x225.jpg 300w, https:\/\/chaletsrefuges.com\/wp-content\/uploads\/2025\/07\/fav_photo_canadien_int_sejour1-150x113.jpg 150w, https:\/\/chaletsrefuges.com\/wp-content\/uploads\/2025\/07\/fav_photo_canadien_int_sejour1-768x576.jpg 768w, https:\/\/chaletsrefuges.com\/wp-content\/uploads\/2025\/07\/fav_photo_canadien_int_sejour1-1536x1152.jpg 1536w, https:\/\/chaletsrefuges.com\/wp-content\/uploads\/2025\/07\/fav_photo_canadien_int_sejour1-676x507.jpg 676w, https:\/\/chaletsrefuges.com\/wp-content\/uploads\/2025\/07\/fav_photo_canadien_int_sejour1.jpg 2000w\" sizes=\"auto, (max-width: 1024px) 100vw, 1024px\" \/><\/figure>\n\n\n\n<p><strong>LE CANADIEN<br>Chalet refuge (sans \u00e9lectricit\u00e9)<br>Situ\u00e9 sur le site des chalets du Jolimont (400 rang Jolimont)<\/strong><\/p>\n\n\n\n<p>\u2022 Sans \u00e9lectricit\u00e9 ni eau courante<br>\u2022 Po\u00eale \u00e0 combustion lente (bois fourni)<br>\u2022 Distributeur d\u2019eau potable (eau locale fournie)<br>\u2022 1 chambre avec un lit double \u00e0 l\u2019\u00e9tage<br>\u2022 1 futon au salon<br>\u2022 Toilette s\u00e8che ext\u00e9rieure<br>\u2022 Cuisine \u00e9quip\u00e9e (bouilloire, chaudrons, vaisselles, ustensiles, linges \u00e0 vaisselle)<br>\u2022 Douche accessible sur le bord du lac (l&rsquo;\u00e9t\u00e9)<br>\u2022 Barbecue, table et espace \u00e0 feu \u00e0 (suppl\u00e9ment de 20$ pour les feux en hiver)<\/p>\n\n\n\n<p>\u00c0 environ 10 minutes de marche du stationnement, retrouvez-vous comme autrefois \u00e0 la lueur des chandelles dans ce chalet-refuge au coeur de la for\u00eat.&nbsp;Quoi de mieux pour se ressourcer que de vivre le calme, la chaleur d&rsquo;un foyer, au gr\u00e8s des saisons et de la nature environnante.&nbsp;Bienvenue au Canadien! Le chalet offre tout le confort n\u00e9cessaire pour 4 personnes.<\/p>\n\n\n\n<p><strong>Check-in : entre 13 h et 22 h \/ Check-out : 11 h<\/strong><\/p>\n\n\n\n<h2 class=\"wp-block-heading has-text-align-center\"><a href=\"https:\/\/reservotron.com\/les-chalets-du-jolimont\/lodgings\/2796\">R\u00c9SERVEZ LE CANADIEN<\/a><\/h2>\n\n\n<div class=\"r34ics-ajax-container loading\" id=\"r69e4da63572a076\" data-view=\"month\" data-view-is-list-style=\"0\" data-view-is-list-long=\"0\" data-args=\"c98f9dee5c064010e527b397159dd0e37e67a6a6\" data-js-args=\"{&quot;debug&quot;:null}\">&nbsp;<\/div>\n\n\n\n<h2 class=\"wp-block-heading has-text-align-center\"><a href=\"https:\/\/reservotron.com\/les-chalets-du-jolimont\/lodgings\/2796\">R\u00c9SERVEZ LE CANADIEN<\/a><\/h2>\n","protected":false},"excerpt":{"rendered":"<p>R\u00c9SERVEZ LE CANADIEN LE CANADIENChalet refuge (sans \u00e9lectricit\u00e9)Situ\u00e9 sur le site des chalets du Jolimont (400 rang Jolimont) \u2022 Sans \u00e9lectricit\u00e9 ni eau courante\u2022 Po\u00eale \u00e0 combustion lente (bois fourni)\u2022 Distributeur d\u2019eau potable (eau locale fournie)\u2022 1 chambre avec un lit double \u00e0 l\u2019\u00e9tage\u2022 1 futon au salon\u2022 Toilette s\u00e8che ext\u00e9rieure\u2022 Cuisine \u00e9quip\u00e9e (bouilloire, chaudrons, [&hellip;]<\/p>\n","protected":false},"author":1,"featured_media":0,"parent":0,"menu_order":0,"comment_status":"closed","ping_status":"closed","template":"template-fullwidth.php","meta":{"footnotes":""},"class_list":["post-510","page","type-page","status-publish","hentry","post-preview"],"_links":{"self":[{"href":"https:\/\/chaletsrefuges.com\/index.php\/wp-json\/wp\/v2\/pages\/510","targetHints":{"allow":["GET"]}}],"collection":[{"href":"https:\/\/chaletsrefuges.com\/index.php\/wp-json\/wp\/v2\/pages"}],"about":[{"href":"https:\/\/chaletsrefuges.com\/index.php\/wp-json\/wp\/v2\/types\/page"}],"author":[{"embeddable":true,"href":"https:\/\/chaletsrefuges.com\/index.php\/wp-json\/wp\/v2\/users\/1"}],"replies":[{"embeddable":true,"href":"https:\/\/chaletsrefuges.com\/index.php\/wp-json\/wp\/v2\/comments?post=510"}],"version-history":[{"count":1,"href":"https:\/\/chaletsrefuges.com\/index.php\/wp-json\/wp\/v2\/pages\/510\/revisions"}],"predecessor-version":[{"id":511,"href":"https:\/\/chaletsrefuges.com\/index.php\/wp-json\/wp\/v2\/pages\/510\/revisions\/511"}],"wp:attachment":[{"href":"https:\/\/chaletsrefuges.com\/index.php\/wp-json\/wp\/v2\/media?parent=510"}],"curies":[{"name":"wp","href":"https:\/\/api.w.org\/{rel}","templated":true}]}}